{"id":132,"date":"2023-11-06T13:51:16","date_gmt":"2023-11-06T12:51:16","guid":{"rendered":"https:\/\/collegeborisvian.blogs.laclasse.com\/?page_id=132"},"modified":"2023-11-06T14:02:44","modified_gmt":"2023-11-06T13:02:44","slug":"mieux-etre-au-college","status":"publish","type":"page","link":"https:\/\/collegeborisvian.blogs.laclasse.com\/?page_id=132","title":{"rendered":"Mieux \u00eatre au coll\u00e8ge &#8211; pHARe"},"content":{"rendered":"<p style=\"text-align: center\">Le coll\u00e8ge Boris Vian s&rsquo;engage dans la lutte contre le harc\u00e8lement en suivant la m\u00e9thode pHARe (la pr\u00e9occupation partag\u00e9e) pr\u00e9conis\u00e9e par le minist\u00e8re de l&rsquo;\u00e9ducation nationale.<\/p>\n<p>Pour plus d&rsquo;informations :<\/p>\n<ul>\n<li>t\u00e9l\u00e9charger l&rsquo;application 3018 sur <a href=\"https:\/\/apps.apple.com\/fr\/app\/3018\/id1602242493\" target=\"_blank\" rel=\"noopener\">AppStore<\/a> ou sur <a href=\"https:\/\/play.google.com\/store\/apps\/details?id=org.eenfance.android.app3018&amp;hl=fr&amp;gl=US\" target=\"_blank\" rel=\"noopener\">PlayStore<\/a><\/li>\n<li>voir le <a href=\"https:\/\/www.education.gouv.fr\/non-au-harcelement\/phare-un-programme-de-lutte-contre-le-harcelement-l-ecole-323435\" target=\"_blank\" rel=\"noopener\">site du minist\u00e8re<\/a><\/li>\n<\/ul>\n<p><img loading=\"lazy\" decoding=\"async\" class=\"size-large wp-image-133 aligncenter\" src=\"https:\/\/collegeborisvian.blogs.laclasse.com\/wp-content\/uploads\/sites\/5608\/2023\/11\/Capture-decran-2023-11-06-a-13.49.18-728x1024.png\" alt=\"Plan de pr\u00e9vention contre le harc\u00e8lement\" width=\"728\" height=\"1024\" srcset=\"https:\/\/collegeborisvian.blogs.laclasse.com\/wp-content\/uploads\/sites\/5608\/2023\/11\/Capture-decran-2023-11-06-a-13.49.18-728x1024.png 728w, https:\/\/collegeborisvian.blogs.laclasse.com\/wp-content\/uploads\/sites\/5608\/2023\/11\/Capture-decran-2023-11-06-a-13.49.18-213x300.png 213w, https:\/\/collegeborisvian.blogs.laclasse.com\/wp-content\/uploads\/sites\/5608\/2023\/11\/Capture-decran-2023-11-06-a-13.49.18-768x1080.png 768w, https:\/\/collegeborisvian.blogs.laclasse.com\/wp-content\/uploads\/sites\/5608\/2023\/11\/Capture-decran-2023-11-06-a-13.49.18.png 870w\" sizes=\"auto, (max-width: 728px) 100vw, 728px\" \/><\/p>\n","protected":false},"excerpt":{"rendered":"<p>Le coll\u00e8ge Boris Vian s&rsquo;engage dans la lutte contre le harc\u00e8lement en suivant la m\u00e9thode pHARe (la pr\u00e9occupation partag\u00e9e) pr\u00e9conis\u00e9e<\/p>\n","protected":false},"author":124882,"featured_media":0,"parent":0,"menu_order":0,"comment_status":"closed","ping_status":"closed","template":"","meta":{"footnotes":""},"class_list":["post-132","page","type-page","status-publish","hentry","comments-off"],"_links":{"self":[{"href":"https:\/\/collegeborisvian.blogs.laclasse.com\/index.php?rest_route=\/wp\/v2\/pages\/132","targetHints":{"allow":["GET"]}}],"collection":[{"href":"https:\/\/collegeborisvian.blogs.laclasse.com\/index.php?rest_route=\/wp\/v2\/pages"}],"about":[{"href":"https:\/\/collegeborisvian.blogs.laclasse.com\/index.php?rest_route=\/wp\/v2\/types\/page"}],"author":[{"embeddable":true,"href":"https:\/\/collegeborisvian.blogs.laclasse.com\/index.php?rest_route=\/wp\/v2\/users\/124882"}],"replies":[{"embeddable":true,"href":"https:\/\/collegeborisvian.blogs.laclasse.com\/index.php?rest_route=%2Fwp%2Fv2%2Fcomments&post=132"}],"version-history":[{"count":5,"href":"https:\/\/collegeborisvian.blogs.laclasse.com\/index.php?rest_route=\/wp\/v2\/pages\/132\/revisions"}],"predecessor-version":[{"id":140,"href":"https:\/\/collegeborisvian.blogs.laclasse.com\/index.php?rest_route=\/wp\/v2\/pages\/132\/revisions\/140"}],"wp:attachment":[{"href":"https:\/\/collegeborisvian.blogs.laclasse.com\/index.php?rest_route=%2Fwp%2Fv2%2Fmedia&parent=132"}],"curies":[{"name":"wp","href":"https:\/\/api.w.org\/{rel}","templated":true}]}}