{"id":1362,"date":"2024-12-16T15:55:56","date_gmt":"2024-12-16T14:55:56","guid":{"rendered":"https:\/\/collegeborisvian.blogs.laclasse.com\/?page_id=1362"},"modified":"2025-03-26T19:04:36","modified_gmt":"2025-03-26T18:04:36","slug":"les-orientations-specifiques-avec-dossier","status":"publish","type":"page","link":"https:\/\/collegeborisvian.blogs.laclasse.com\/?page_id=1362","title":{"rendered":"Les orientations sp\u00e9cifiques (avec dossier)"},"content":{"rendered":"<p>Retrouvez dans ce tableau toutes les proc\u00e9dures pour les <strong>orientations particuli\u00e8res (sur dossier et \/ ou en partenariat)<\/strong> apr\u00e8s la 3e. Ces lyc\u00e9es proposent g\u00e9n\u00e9ralement des internats pour les \u00e9l\u00e8ves \u00e9loign\u00e9s.<\/p>\n<p>Pour plus de renseignements, rendez-vous sur le site du lyc\u00e9e concern\u00e9 et parlez-en \u00e0 votre professeur principal.<\/p>\n<table style=\"width: 100%;border-collapse: collapse;border-style: solid;border-color: #000000\">\n<tbody>\n<tr>\n<td style=\"width: 33.3333%\"><a href=\"https:\/\/fernand-forest.ent.auvergnerhonealpes.fr\/nos-formations\/les-baccalaureats-professionnels\/metiers-de-la-securite\/\">Lyc\u00e9e Fernand Forest (Saint Priest)<\/a><\/td>\n<td style=\"width: 42.1093%\"><strong>S\u00e9curit\u00e9 :<\/strong><\/p>\n<ul>\n<li>Bac Pro M\u00e9tiers de la S\u00e9curit\u00e9<\/li>\n<\/ul>\n<\/td>\n<\/tr>\n<tr>\n<td style=\"width: 33.3333%\"><a href=\"https:\/\/emile-bejuit.ent.auvergnerhonealpes.fr\/vie-du-lycee\/presentation-du-lycee\/retrouvez-la-formation-initiale-qui-vous-interesse-et-les-recrutements-particuliers-4820.htm\">Lyc\u00e9e Emile B\u00e9juit (Bron)<\/a><\/td>\n<td style=\"width: 42.1093%\"><strong>Arm\u00e9e de terre :<\/strong><\/p>\n<ul>\n<li>R\u00e9paration des Carrosseries et<br \/>\nMaintenance des V\u00e9hicules de Transport<br \/>\nRoutier et Militaire<\/li>\n<\/ul>\n<\/td>\n<\/tr>\n<tr>\n<td style=\"width: 33.3333%\"><a href=\"https:\/\/lyc-frederic-fays.ent.auvergnerhonealpes.fr\/nos-formations\/bfi-baccalaureat-francais-international\/\">Lyc\u00e9e Fr\u00e9d\u00e9ric Fa\u00ffs (Villeurbanne)<\/a><\/td>\n<td style=\"width: 42.1093%\"><strong>ERASMUS+<\/strong><\/p>\n<ul>\n<li>Baccalaur\u00e9at Fran\u00e7ais International (BFI) Am\u00e9ricain<\/li>\n<\/ul>\n<\/td>\n<\/tr>\n<tr>\n<td style=\"width: 33.3333%\"><a href=\"https:\/\/hector-guimard.ent.auvergnerhonealpes.fr\/\">Lyc\u00e9e Hector Guimard (Lyon 7)<\/a><\/td>\n<td style=\"width: 42.1093%\"><strong>SNCF : <\/strong><\/p>\n<ul>\n<li>Bac pro M.S.C.P. (Maintenance des syst\u00e8mes de production connect\u00e9e &#8211; maintenance des trains)<\/li>\n<\/ul>\n<\/td>\n<\/tr>\n<tr>\n<td style=\"width: 33.3333%\"><a href=\"https:\/\/branly.etab.ac-lyon.fr\/spip\/spip.php?rubrique38\">Lyc\u00e9e Edouard Branly (Lyon 5)<\/a><\/td>\n<td style=\"width: 42.1093%\"><strong>Marine nationale : <\/strong><\/p>\n<ul>\n<li>Bac pro M\u00e9tiers des transitions num\u00e9rique et \u00e9nerg\u00e9tique<\/li>\n<\/ul>\n<p><strong>Arm\u00e9e de terre : <\/strong><\/p>\n<ul>\n<li>Bac pro C.I.E.L. (Cybers\u00e9curit\u00e9, Informatique et r\u00e9seaux, Electronique)<\/li>\n<li>Bac pro M.E.L.E.C. (M\u00e9tiers de l\u2019\u00e9lectricit\u00e9 et de ses environnements connect\u00e9s)<\/li>\n<\/ul>\n<\/td>\n<\/tr>\n<tr>\n<td style=\"width: 33.3333%\"><a href=\"https:\/\/www.lyceeairbus.com\/#\">Lyc\u00e9e Airbus (Toulouse)<\/a><\/td>\n<td style=\"width: 42.1093%\"><strong>Airbus :<\/strong><\/p>\n<ul>\n<li>Bac Pro A\u00e9ronautique (Avionique, structure, syst\u00e8mes)<\/li>\n<\/ul>\n<\/td>\n<\/tr>\n<\/tbody>\n<\/table>\n<p>Pour tous les cursus sp\u00e9cifiques (classes sportives, artistiques, linguistiques) dans les diff\u00e9rents lyc\u00e9es de la r\u00e9gion, <a href=\"https:\/\/www.ac-lyon.fr\/rhone-lycee-les-cursus-specifiques-122303\">rendez-vous sur cette page<\/a>.<\/p>\n","protected":false},"excerpt":{"rendered":"<p>Retrouvez dans ce tableau toutes les proc\u00e9dures pour les orientations particuli\u00e8res (sur dossier et \/ ou en partenariat) apr\u00e8s la<\/p>\n","protected":false},"author":124882,"featured_media":0,"parent":0,"menu_order":0,"comment_status":"closed","ping_status":"closed","template":"","meta":{"footnotes":""},"class_list":["post-1362","page","type-page","status-publish","hentry","comments-off"],"_links":{"self":[{"href":"https:\/\/collegeborisvian.blogs.laclasse.com\/index.php?rest_route=\/wp\/v2\/pages\/1362","targetHints":{"allow":["GET"]}}],"collection":[{"href":"https:\/\/collegeborisvian.blogs.laclasse.com\/index.php?rest_route=\/wp\/v2\/pages"}],"about":[{"href":"https:\/\/collegeborisvian.blogs.laclasse.com\/index.php?rest_route=\/wp\/v2\/types\/page"}],"author":[{"embeddable":true,"href":"https:\/\/collegeborisvian.blogs.laclasse.com\/index.php?rest_route=\/wp\/v2\/users\/124882"}],"replies":[{"embeddable":true,"href":"https:\/\/collegeborisvian.blogs.laclasse.com\/index.php?rest_route=%2Fwp%2Fv2%2Fcomments&post=1362"}],"version-history":[{"count":4,"href":"https:\/\/collegeborisvian.blogs.laclasse.com\/index.php?rest_route=\/wp\/v2\/pages\/1362\/revisions"}],"predecessor-version":[{"id":1499,"href":"https:\/\/collegeborisvian.blogs.laclasse.com\/index.php?rest_route=\/wp\/v2\/pages\/1362\/revisions\/1499"}],"wp:attachment":[{"href":"https:\/\/collegeborisvian.blogs.laclasse.com\/index.php?rest_route=%2Fwp%2Fv2%2Fmedia&parent=1362"}],"curies":[{"name":"wp","href":"https:\/\/api.w.org\/{rel}","templated":true}]}}