{"id":232,"date":"2023-11-17T06:26:54","date_gmt":"2023-11-17T05:26:54","guid":{"rendered":"https:\/\/collegeborisvian.blogs.laclasse.com\/?page_id=232"},"modified":"2023-11-28T17:37:36","modified_gmt":"2023-11-28T16:37:36","slug":"dispositif-u-l-i-s","status":"publish","type":"page","link":"https:\/\/collegeborisvian.blogs.laclasse.com\/?page_id=232","title":{"rendered":"\u00c9l\u00e8ves \u00e0 Besoins \u00c9ducatifs Particuliers (EBEP)"},"content":{"rendered":"<p><img loading=\"lazy\" decoding=\"async\" class=\"size-large wp-image-233 aligncenter\" src=\"https:\/\/collegeborisvian.blogs.laclasse.com\/wp-content\/uploads\/sites\/5608\/2023\/11\/affiche-sur-les-differents-plans-PPS-PAP._page-0001-1024x725.jpg\" alt=\"\" width=\"910\" height=\"644\" srcset=\"https:\/\/collegeborisvian.blogs.laclasse.com\/wp-content\/uploads\/sites\/5608\/2023\/11\/affiche-sur-les-differents-plans-PPS-PAP._page-0001-1024x725.jpg 1024w, https:\/\/collegeborisvian.blogs.laclasse.com\/wp-content\/uploads\/sites\/5608\/2023\/11\/affiche-sur-les-differents-plans-PPS-PAP._page-0001-300x212.jpg 300w, https:\/\/collegeborisvian.blogs.laclasse.com\/wp-content\/uploads\/sites\/5608\/2023\/11\/affiche-sur-les-differents-plans-PPS-PAP._page-0001-768x543.jpg 768w, https:\/\/collegeborisvian.blogs.laclasse.com\/wp-content\/uploads\/sites\/5608\/2023\/11\/affiche-sur-les-differents-plans-PPS-PAP._page-0001-1536x1087.jpg 1536w, https:\/\/collegeborisvian.blogs.laclasse.com\/wp-content\/uploads\/sites\/5608\/2023\/11\/affiche-sur-les-differents-plans-PPS-PAP._page-0001.jpg 1754w\" sizes=\"auto, (max-width: 910px) 100vw, 910px\" \/><\/p>\n","protected":false},"excerpt":{"rendered":"","protected":false},"author":124882,"featured_media":0,"parent":0,"menu_order":0,"comment_status":"closed","ping_status":"closed","template":"","meta":{"footnotes":""},"class_list":["post-232","page","type-page","status-publish","hentry","comments-off"],"_links":{"self":[{"href":"https:\/\/collegeborisvian.blogs.laclasse.com\/index.php?rest_route=\/wp\/v2\/pages\/232","targetHints":{"allow":["GET"]}}],"collection":[{"href":"https:\/\/collegeborisvian.blogs.laclasse.com\/index.php?rest_route=\/wp\/v2\/pages"}],"about":[{"href":"https:\/\/collegeborisvian.blogs.laclasse.com\/index.php?rest_route=\/wp\/v2\/types\/page"}],"author":[{"embeddable":true,"href":"https:\/\/collegeborisvian.blogs.laclasse.com\/index.php?rest_route=\/wp\/v2\/users\/124882"}],"replies":[{"embeddable":true,"href":"https:\/\/collegeborisvian.blogs.laclasse.com\/index.php?rest_route=%2Fwp%2Fv2%2Fcomments&post=232"}],"version-history":[{"count":2,"href":"https:\/\/collegeborisvian.blogs.laclasse.com\/index.php?rest_route=\/wp\/v2\/pages\/232\/revisions"}],"predecessor-version":[{"id":391,"href":"https:\/\/collegeborisvian.blogs.laclasse.com\/index.php?rest_route=\/wp\/v2\/pages\/232\/revisions\/391"}],"wp:attachment":[{"href":"https:\/\/collegeborisvian.blogs.laclasse.com\/index.php?rest_route=%2Fwp%2Fv2%2Fmedia&parent=232"}],"curies":[{"name":"wp","href":"https:\/\/api.w.org\/{rel}","templated":true}]}}